
{"id":12960,"date":"2024-09-24T12:45:13","date_gmt":"2024-09-24T15:45:13","guid":{"rendered":"https:\/\/www.patagonia-argentina.com\/en\/product\/peninsula-de-valdes-paraiso-de-ballenas\/"},"modified":"2026-04-05T15:00:05","modified_gmt":"2026-04-05T18:00:05","slug":"peninsula-de-valdes-paraiso-de-ballenas","status":"publish","type":"product","link":"https:\/\/www.patagonia-argentina.com\/en\/tours\/valdes-peninsula-whales-paradise\/","title":{"rendered":"Valdes Peninsula, whales paradise"},"content":{"rendered":"<p>Day 1:<br \/>\nTransfer from Puerto Madryn airport to the hotel. Accommodation. Free time.<\/p>\n<p>Day 2:<br \/>\n@Pen\u00ednsula de Vald\u00e9s@. The visit to Valdes Peninsula includes @Navegaci\u00f3n Avistaje ballenas@<\/p>\n<p>Day 3:<br \/>\nDinosaurs, dolphins, and Welsh heritage in the @Valle Inferior@<\/p>\n<p>Day 4:<br \/>\nBreakfast at hotel, and, at scheduled time, transfer to airport. End of our services.<\/p>\n<p>Please contact us if you wish to extend your stay in this destination or continue your trip elsewhere in Argentina!<\/p>","protected":false},"excerpt":{"rendered":"<p>An exceptional stretch of Atlantic Patagonia, where raw nature and cultural legacy converge. At Vald\u00e9s Peninsula\u2014a UNESCO World Heritage Site\u2014native wildlife thrives in its purest form. The journey peaks with a <strong>navigation offering a close encounter with Southern Right Whales, as they surface and glide beside the boat<\/strong>. Further inland, echoes of Welsh heritage remain alive in towns like Gaiman, where chapels and tea houses preserve a quiet sense of belonging.<\/p>\n","protected":false},"featured_media":4761,"template":"","meta":{"_acf_changed":false,"_editorskit_title_hidden":false,"_editorskit_reading_time":0,"_editorskit_is_block_options_detached":false,"_editorskit_block_options_position":"{}"},"product_brand":[],"product_cat":[1275],"product_tag":[1135,1184,1134],"class_list":{"0":"post-12960","1":"product","2":"type-product","3":"status-publish","4":"has-post-thumbnail","6":"product_cat-paquetes-de-viaje","7":"product_tag-ballenas-y-pinguinos","8":"product_tag-gaiman","9":"product_tag-peninsula-de-valdes","10":"pa_destinos-patagonia","11":"pa_destinos-puerto-madryn","13":"first","14":"instock","15":"shipping-taxable","16":"purchasable","17":"product-type-variable"},"acf":[],"_links":{"self":[{"href":"https:\/\/www.patagonia-argentina.com\/en\/wp-json\/wp\/v2\/product\/12960","targetHints":{"allow":["GET"]}}],"collection":[{"href":"https:\/\/www.patagonia-argentina.com\/en\/wp-json\/wp\/v2\/product"}],"about":[{"href":"https:\/\/www.patagonia-argentina.com\/en\/wp-json\/wp\/v2\/types\/product"}],"wp:featuredmedia":[{"embeddable":true,"href":"https:\/\/www.patagonia-argentina.com\/en\/wp-json\/wp\/v2\/media\/4761"}],"wp:attachment":[{"href":"https:\/\/www.patagonia-argentina.com\/en\/wp-json\/wp\/v2\/media?parent=12960"}],"wp:term":[{"taxonomy":"product_brand","embeddable":true,"href":"https:\/\/www.patagonia-argentina.com\/en\/wp-json\/wp\/v2\/product_brand?post=12960"},{"taxonomy":"product_cat","embeddable":true,"href":"https:\/\/www.patagonia-argentina.com\/en\/wp-json\/wp\/v2\/product_cat?post=12960"},{"taxonomy":"product_tag","embeddable":true,"href":"https:\/\/www.patagonia-argentina.com\/en\/wp-json\/wp\/v2\/product_tag?post=12960"}],"curies":[{"name":"wp","href":"https:\/\/api.w.org\/{rel}","templated":true}]}}